{"id":63,"date":"2019-03-15T21:49:18","date_gmt":"2019-03-15T21:49:18","guid":{"rendered":"http:\/\/frank-reim.de\/?page_id=63"},"modified":"2019-03-19T15:34:09","modified_gmt":"2019-03-19T15:34:09","slug":"presse","status":"publish","type":"page","link":"https:\/\/blue-piano.de\/es\/presse\/","title":{"rendered":"Prensa"},"content":{"rendered":"<p>05 de junio 2009<br \/>\n<a href=\"http:\/\/frank-reim.de\/wp-content\/uploads\/2019\/03\/20100826112757_Blauer-Fluegel-fuer-die-rote-Posaune-Leipziger-Volkszeitung.-05.06.2009.pdf\" target=\"_blank\" rel=\"noopener\">\u00abPiano de cola de cristal azul para el tromb\u00f3n rojo\u00bb (Diario del Pueblo de Leipzig)<\/span><\/a><\/p>\n<p>02 de febrero 2007<br \/>\n<a href=\"http:\/\/frank-reim.de\/wp-content\/uploads\/2019\/03\/20100826112850_Leipziger-Saenger-schickt-exklusiven-Glasfluegel-auf-Reisen-Leipziger-Volkszeitung.-02.02.2007.pdf\" target=\"_blank\" rel=\"noopener\">\u00abCantante de Leipzig env\u00eda exclusivo piano de cola de cristal a los viajes\u00bb (Diario del Pueblo de Leipzig)<\/a><\/p>\n<p>06 de septiembre 2003<br \/>\nPrimer \u00abTrofeo de Golf Los Leones\u00bb y gala en el Hotel <a href=\"http:\/\/www.hotelvillapadierna.com\/\">\u00abVilla Padierna\u00bb (Marbella \/ Espa\u00f1a)<\/a> bajo el mecenazgo de la princesa Mar\u00eda Luisa de Prusia.<br \/>\nCon motivo de la fundaci\u00f3n del \u201cClub los Leones de Marbella \/ Lengua Alemana\u00bb tuvo lugar un torneo de golf internacional el 6 de septiembre de 2003 en Marbella y Estepona. \u00abBlue Piano Entertainment\u00bb colabor\u00f3 en el evento de forma gratuita y cuyos ingresos recaudados lograron alcanzar la suma de 10.000, &#8211; \u20ac se organiza para recaudar fondos para la <a href=\"http:\/\/frank-reim.de\/wp-content\/uploads\/2019\/03\/20100825014203_Gala-Princess-of-Prussia.jpg\" target=\"_blank\" rel=\"noopener\">\u201cLucha contra el SIDA Asociaci\u00f3n Concordia\u201d<\/a> y cuyo mecenas es ni m\u00e1s ni menos que la Princesa Mar\u00eda Luisa de Prusia.<br \/>\n\u00abQuiero darle las gracias en nombre de mi club de nuevo las gracias por su compromiso con nuestra gala&#8230; El piano de cristal de cola azul ha contribuido mucho al \u00e9xito de esta noche.\u00bb (Dr. Diether Jung, Presidente del \u201cClub de Leones Marbella \/ Lengua Alemana\u00bb)<\/p>\n<p>Febrero de 2003<br \/>\n\u00abPianista de renombre y vers\u00e1til artista Frank Reim compra piano de cristal de cola especial\u00bb<br \/>\nEl afamado pianista alem\u00e1n y polifac\u00e9tico artista Frank Reim adquiri\u00f3 recientemente un piano de cola de cristal azul de un tipo especial: Las luces azules bajo su ala transparente vivaz. Interesante efectos brillantes refuerzan el car\u00e1cter exclusivo y excepcional del instrumento. Otra caracter\u00edstica especial que hace a este instrumento una pieza absoluta y \u00fanica: Es que cuenta con dos teclados superpuestos &#8211; adem\u00e1s del piano cl\u00e1sico-ac\u00fastico, un piano digital es construido con el que se puede jugar en un teclado. Lo internacional, as\u00ed como en Espa\u00f1a, artistas de \u00e9xito hicieron Frank Reim con esta ala como un punto culminante en su concepto amplio de concierto de \u00abBlue Piano Entertainment\u00bb.<br \/>\nFuente: Schimmel<\/p>\n","protected":false},"excerpt":{"rendered":"<p>05 de junio 2009 \u00abPiano de cola de cristal azul para el tromb\u00f3n rojo\u00bb (Diario del Pueblo de Leipzig) 02 de febrero 2007 \u00abCantante de Leipzig env\u00eda exclusivo piano de cola de cristal a los viajes\u00bb (Diario del Pueblo de Leipzig) 06 de septiembre 2003 Primer \u00abTrofeo de Golf Los&#8230;<\/p>\n<p> <a class=\"continue-reading-link\" href=\"https:\/\/blue-piano.de\/es\/presse\/\"><span>Continue reading<\/span><i class=\"crycon-right-dir\"><\/i><\/a> <\/p>\n","protected":false},"author":1,"featured_media":0,"parent":0,"menu_order":0,"comment_status":"closed","ping_status":"closed","template":"","meta":{"footnotes":""},"class_list":["post-63","page","type-page","status-publish","hentry"],"translation":{"provider":"WPGlobus","version":"3.0.2","language":"es","enabled_languages":["de","gb","es"],"languages":{"de":{"title":true,"content":true,"excerpt":false},"gb":{"title":true,"content":true,"excerpt":false},"es":{"title":true,"content":true,"excerpt":false}}},"_links":{"self":[{"href":"https:\/\/blue-piano.de\/es\/wp-json\/wp\/v2\/pages\/63","targetHints":{"allow":["GET"]}}],"collection":[{"href":"https:\/\/blue-piano.de\/es\/wp-json\/wp\/v2\/pages"}],"about":[{"href":"https:\/\/blue-piano.de\/es\/wp-json\/wp\/v2\/types\/page"}],"author":[{"embeddable":true,"href":"https:\/\/blue-piano.de\/es\/wp-json\/wp\/v2\/users\/1"}],"replies":[{"embeddable":true,"href":"https:\/\/blue-piano.de\/es\/wp-json\/wp\/v2\/comments?post=63"}],"version-history":[{"count":21,"href":"https:\/\/blue-piano.de\/es\/wp-json\/wp\/v2\/pages\/63\/revisions"}],"predecessor-version":[{"id":189,"href":"https:\/\/blue-piano.de\/es\/wp-json\/wp\/v2\/pages\/63\/revisions\/189"}],"wp:attachment":[{"href":"https:\/\/blue-piano.de\/es\/wp-json\/wp\/v2\/media?parent=63"}],"curies":[{"name":"wp","href":"https:\/\/api.w.org\/{rel}","templated":true}]}}