{"id":59,"date":"2019-03-15T21:46:12","date_gmt":"2019-03-15T21:46:12","guid":{"rendered":"http:\/\/frank-reim.de\/?page_id=59"},"modified":"2026-02-16T00:20:02","modified_gmt":"2026-02-16T00:20:02","slug":"referenzen","status":"publish","type":"page","link":"https:\/\/blue-piano.de\/es\/referenzen\/","title":{"rendered":"Referencias"},"content":{"rendered":"<p>22 de abril de 2017<br \/>\n\u00abDe Bach a Gershwin\u00bb<br \/>\nOrganizaci\u00f3n de un concierto musical-culinaria con el pianista <a href=\"http:\/\/frank-reim.de\/wp-content\/uploads\/2019\/03\/Alden-Gatt.jpg\">Alden Gatt<\/a> en el <a href=\"http:\/\/www.schloss-kartzow.de\/\">Castillo de Kartzow<\/a> en Potsdam<\/p>\n<p>Enero 2017<br \/>\nCreaci\u00f3n de un concepto cultural para el Westphalsches Haus en Markkleeberg<\/p>\n<p>02 de julio 2016<br \/>\nCoach privado en el proyecto <a href=\"http:\/\/www.belcantare-brandenburg.de\/\">BELCANTARE<\/a><\/p>\n<p>27 de septiembre de 2015<br \/>\n<a href=\"http:\/\/video.telvi.de\/videos\/5\/2015\/40\/1\/d107a8e5113bf39d40c1baf32a4cc85d.mp4\">Organizaci\u00f3n de un concierto en Wahrenr\u00fcck (Brandenburgo)<\/a><br \/>\n(Referencia: Elbe-Elster-Fernsehen EEF)<\/p>\n<p>20 de julio de 2014<br \/>\nPrimera exhibici\u00f3n del distrito de Brandenburgo en el monasterio Dobrilug: Organizaci\u00f3n del concierto de la Sajonia \u00abAnd we all shine on\u00bb con el Coro Vocalkonsort de Leipzig<\/p>\n<p>Del 25 al 27 de agosto de 2013<br \/>\nOrganizaci\u00f3n de una gira de conciertos para el Coro de la Gewandhaus Leipzig<\/p>\n<ul>\n<li>Concierto Final del Festival de m\u00fasica de Verano en la iglesia-monasterio de Preetz (Schleswig-Holstein) el 26 de Agosto de 2013<\/li>\n<li>Concierto de Matine\u00e9 en el <a href=\"http:\/\/www.schloss-kartzow.de\/\">Castillo de Kartzow<\/a> en Potsdam el 25 de Agosto de 2013<\/li>\n<\/ul>\n<p>14 de julio de 2013<br \/>\nOrganizaci\u00f3n de un concierto del Coro de la Gewandhaus de Leipzig y \u00abL\u00b4ART DE PASSAGE\u00bb en la f\u00e1brica de carb\u00f3n \u00abLOUISE\u00bb en Domsdorf (la m\u00e1s antigua de Europa y actualmente monumento)<\/p>\n<p>2012<br \/>\nCoaching privado<\/p>\n<p>2011<br \/>\nDise\u00f1o de un proyecto de investigaci\u00f3n sobre el tema \u00abDe ni\u00f1o prodigio a superestrella: M\u00fasicos a trav\u00e9s de los tiempos\u00bb<\/p>\n<p>28 de noviembre de 2010<br \/>\nOrganizaci\u00f3n de un concierto en el <a href=\"http:\/\/www.schloss-kartzow.de\/\">Castillo de Kartzow<\/a> en Potsdam<\/p>\n<p>14 de agosto de 2009<br \/>\nConcierto de lanzamiento del CD <a href=\"http:\/\/frank-reim.de\/wp-content\/uploads\/2019\/03\/Gentleman.jpg\">\u00abHortalizas, Hortalizas\u00bb<\/a> en el Palacio de Cristal Variet\u00e9 Leipzig<\/p>\n<p>06 de junio de 2009<br \/>\nConcierto <a href=\"http:\/\/frank-reim.de\/wp-content\/uploads\/2019\/03\/A-Tribute-To-Ray-Charles.jpg\">\u00abUn homenaje a Ray Charles\u00bb<\/a> en la Gewandhaus de Leipzig con la estrella del jazz Nils Landgren, el Coro de la Gewandhaus de Leipzig y invitados<\/p>\n<p>De marzo a junio de 2009<br \/>\nProducci\u00f3n del CD <a href=\"http:\/\/frank-reim.de\/wp-content\/uploads\/2019\/03\/Gentleman.jpg\">\u00abHortalizas, Hortalizas\u00bb<\/a> de los \u00abCinco Se\u00f1ores\u00bb con el piano de cola de cristal azul<\/p>\n<p>14 de septiembre de 2008<br \/>\nOrganizaci\u00f3n de un concierto para el Coro de la Gewandhaus de Leipzig en el <a href=\"http:\/\/www.schloss-kartzow.de\/\">Castillo de Kartzow<\/a> en Potsdam en las \u201cJornadas del Patrimonio 2008 \u00bb<\/p>\n<p>Del 25 al 27 de agosto de 2007<br \/>\nOrganizaci\u00f3n de una gira de conciertos para el Coro de Capilla Mendelssohn de Leipzig<\/p>\n<ul>\n<li>Concierto Final del Festival de m\u00fasica de Verano Preetz en la iglesia-monasterio de Preetz (Schleswig-Holstein) el 27 de agosto de 2007<\/li>\n<li>Concierto de Verano en el <a href=\"http:\/\/www.schloss-kartzow.de\/\">Castillo de Kartzow<\/a> en Potsdam el 26 de agosto de 2007<\/li>\n<li>Concierto en la iglesia-monasterio de M\u00fchlberg (Brandeburgo) el 25 de agosto de 2007<\/li>\n<\/ul>\n<p>23 de junio 2007<br \/>\n<a href=\"http:\/\/frank-reim.de\/wp-content\/uploads\/2019\/03\/Opening-gala-with-artists.jpg\">Ceremonia de apertura<\/a> del <a href=\"http:\/\/www.schloss-kartzow.de\/\">Castillo de Kartzow<\/a> en Potsdam<\/p>\n<p>3 de abril 2007<br \/>\nOrganizaci\u00f3n de un concierto para el Coro de C\u00e1mara Mendelssohn de Leipzig en la iglesia del pueblo de Kirchhain<\/p>\n<p>2006<br \/>\nCreaci\u00f3n de un concepto multi-cultural para el Castillo Barroco Wiederau en Leipzig<\/p>\n<p>De junio a julio de 2005<br \/>\nDirector del proyecto dentro del \u201cPrograma de Competitividad Global\u201d de la Universidad de Ohio (EE.UU.) y Leipzig (Alemania)<\/p>\n<p>Marzo 2005<br \/>\nCreaci\u00f3n de un proyecto m\u00faltiple cultural para Isla Palmera (Dubai)<\/p>\n<p>Junio 2004<br \/>\nAn\u00e1lisis de rentabilidad y dise\u00f1o para una escuela de m\u00fasica en el centro de Alemania<\/p>\n<p>Septiembre 2003<br \/>\nContribuci\u00f3n de forma gratuita en la gala para la <a href=\"http:\/\/frank-reim.de\/wp-content\/uploads\/2019\/03\/20100825014203_Gala-Princess-of-Prussia.jpg\">\u00abLucha contra el SIDA Asociaci\u00f3n Concordia\u00bb<\/a> bajo el mecenazgo de la Princesa Mar\u00eda Luisa de Prusia en el <a href=\"http:\/\/www.hotelvillapadierna.com\/\">Hotel \u00abVilla Padierna\u201c en Marbella (Espa\u00f1a)<\/a><\/p>\n<p>31 de diciembre de 2002<br \/>\nGala de Fin de A\u00f1o en el <a href=\"http:\/\/www.puenteromano.com\/\">Hotel \u201cPuente Romano\u201d en Marbella (Espa\u00f1a)<\/a><\/p>\n","protected":false},"excerpt":{"rendered":"<p>22 de abril de 2017 \u00abDe Bach a Gershwin\u00bb Organizaci\u00f3n de un concierto musical-culinaria con el pianista Alden Gatt en el Castillo de Kartzow en Potsdam Enero 2017 Creaci\u00f3n de un concepto cultural para el Westphalsches Haus en Markkleeberg 02 de julio 2016 Coach privado en el proyecto BELCANTARE 27&#8230;<\/p>\n<p> <a class=\"continue-reading-link\" href=\"https:\/\/blue-piano.de\/es\/referenzen\/\"><span>Continue reading<\/span><i class=\"crycon-right-dir\"><\/i><\/a> <\/p>\n","protected":false},"author":1,"featured_media":408,"parent":0,"menu_order":0,"comment_status":"closed","ping_status":"closed","template":"","meta":{"footnotes":""},"class_list":["post-59","page","type-page","status-publish","has-post-thumbnail","hentry"],"translation":{"provider":"WPGlobus","version":"3.0.2","language":"es","enabled_languages":["de","gb","es"],"languages":{"de":{"title":true,"content":true,"excerpt":false},"gb":{"title":true,"content":true,"excerpt":false},"es":{"title":true,"content":true,"excerpt":false}}},"_links":{"self":[{"href":"https:\/\/blue-piano.de\/es\/wp-json\/wp\/v2\/pages\/59","targetHints":{"allow":["GET"]}}],"collection":[{"href":"https:\/\/blue-piano.de\/es\/wp-json\/wp\/v2\/pages"}],"about":[{"href":"https:\/\/blue-piano.de\/es\/wp-json\/wp\/v2\/types\/page"}],"author":[{"embeddable":true,"href":"https:\/\/blue-piano.de\/es\/wp-json\/wp\/v2\/users\/1"}],"replies":[{"embeddable":true,"href":"https:\/\/blue-piano.de\/es\/wp-json\/wp\/v2\/comments?post=59"}],"version-history":[{"count":32,"href":"https:\/\/blue-piano.de\/es\/wp-json\/wp\/v2\/pages\/59\/revisions"}],"predecessor-version":[{"id":617,"href":"https:\/\/blue-piano.de\/es\/wp-json\/wp\/v2\/pages\/59\/revisions\/617"}],"wp:featuredmedia":[{"embeddable":true,"href":"https:\/\/blue-piano.de\/es\/wp-json\/wp\/v2\/media\/408"}],"wp:attachment":[{"href":"https:\/\/blue-piano.de\/es\/wp-json\/wp\/v2\/media?parent=59"}],"curies":[{"name":"wp","href":"https:\/\/api.w.org\/{rel}","templated":true}]}}