{"id":55,"date":"2019-03-15T21:44:35","date_gmt":"2019-03-15T21:44:35","guid":{"rendered":"http:\/\/frank-reim.de\/?page_id=55"},"modified":"2024-01-11T00:52:14","modified_gmt":"2024-01-11T00:52:14","slug":"diskografie","status":"publish","type":"page","link":"https:\/\/blue-piano.de\/es\/diskografie\/","title":{"rendered":"Discograf\u00eda"},"content":{"rendered":"<p>Noviembre 2011<br \/>\nParticipaci\u00f3n come cantante del Coro de la Gewandhaus de Leipzig en la producci\u00f3n del CD (Querstand)<br \/>\n\u00abFerdinand Hiller: La destrucci\u00f3n de Jerusal\u00e9n op. 24\u00bb bajo la direcci\u00f3n de Gregor Meyer<\/p>\n<p>Junio 2011<br \/>\nParticipaci\u00f3n come cantante del Coro de la Gewandhaus de Leipzig en la producci\u00f3n del CD (Querstand)<br \/>\n\u00abFranz Liszt: Obras para coro y \u00f3rgano\u00bb bajo la direcci\u00f3n de Gregor Meyer<\/p>\n<p>Mayo 2011<br \/>\nParticipaci\u00f3n como cantante del Coro de la Gewandhaus de Leipzig en la producci\u00f3n del DVD (ACCENTUS)<br \/>\n\u00abGustav Mahler: Sinfon\u00eda N\u00b0 8 (Sinfon\u00eda de los Mil)\u00bb bajo la direcci\u00f3n de Riccardo Chailly<\/p>\n<p>Mayo 2011<br \/>\nParticipaci\u00f3n como cantante del Coro de la Gewandhaus de Leipzig en la producci\u00f3n del DVD (ACCENTUS)<br \/>\n\u00abGustav Mahler: Sinfon\u00eda N\u00b0 2 (Sinfon\u00eda Resurrecci\u00f3n)\u00bb bajo la direcci\u00f3n de Riccardo Chailly<\/p>\n<p>Marzo 2011<br \/>\nParticipaci\u00f3n como cantante del Coro de la Gewandhaus de Leipzig en la producci\u00f3n del CD (FWL-Studios)<br \/>\n\u00abSilcher\u00bb bajo la direcci\u00f3n de Gregor Meyer<\/p>\n<p>Agosto 2009<br \/>\nParticipaci\u00f3n como cantante del Immortal Bach Ensemble en la producci\u00f3n del CD (Naxos)<br \/>\n\u201cFranz Schubert: Misas\u201d\u00a0bajo la direcci\u00f3n de\u00a0Morten Schuldt-Jensen<\/p>\n<p>Marzo 2008<br \/>\nParticipaci\u00f3n como cantante del Coro de la Gewandhaus de Leipzig en la producci\u00f3n del CD (Genuin)<br \/>\n\u201cSigfrid Karg-Elert: La m\u00fasica coral sacra\u201d bajo la direcci\u00f3n de Gregor Meyer<\/p>\n<p>Noviembre 2007<br \/>\nParticipaci\u00f3n como cantante del Coro de la Gewandhaus de Leipzig en la producci\u00f3n del CD (Genuin)<br \/>\n\u201cFelix Mendelssohn Bartholdy: Early works\u201d bajo la direcci\u00f3n de Gregor Meyer<\/p>\n<p>Septiembre 2007<br \/>\nParticipaci\u00f3n como cantante del Immortal Bach Ensemble en la producci\u00f3n del CD (Naxos)<br \/>\n\u201cFranz Schubert: Misa en Do mayor, Sol mayor, Misa Alemana\u201d bajo la direcci\u00f3n de Morten Schuldt-Jensen<\/p>\n<p>Septiembre 2005<br \/>\nParticipaci\u00f3n como cantante del Coro de la Gewandaus de Leipzig en la producci\u00f3n del CD \/ DVD (Decca)<br \/>\n\u201cChailly en Leipzig \u2013 Concierto inaugural\u201d (22 de Octubre de 2006: Echo Klassik Award)<\/p>\n<p>Octubre \/ Noviembre 2003<br \/>\nParticipaci\u00f3n como cantante del Coro de la Gewandhaus de Leipzig en la producci\u00f3n del CD (Sony)<br \/>\n\u201cFelix Mendelssohn Bartholdy: El\u00edas\u201d\u00a0bajo la direcci\u00f3n del profesor Herbert Blomstedt<\/p>\n<p>Desde 1999<br \/>\nParticipaci\u00f3n como cantante del Coro de la Gewandhaus de Leipzig en las producciones para tv (mdr)<br \/>\n\u201cBeethoven: Sinfon\u00eda N\u00ba 9 en Re menor, Op. 125\u201d cada fin de a\u00f1o\u00a0bajo la direcci\u00f3n del profesor Herbert Blomstedt y Riccardo Chailly<\/p>\n","protected":false},"excerpt":{"rendered":"<p>Noviembre 2011 Participaci\u00f3n come cantante del Coro de la Gewandhaus de Leipzig en la producci\u00f3n del CD (Querstand) \u00abFerdinand Hiller: La destrucci\u00f3n de Jerusal\u00e9n op. 24\u00bb bajo la direcci\u00f3n de Gregor Meyer Junio 2011 Participaci\u00f3n come cantante del Coro de la Gewandhaus de Leipzig en la producci\u00f3n del CD (Querstand)&#8230;<\/p>\n<p> <a class=\"continue-reading-link\" href=\"https:\/\/blue-piano.de\/es\/diskografie\/\"><span>Continue reading<\/span><i class=\"crycon-right-dir\"><\/i><\/a> <\/p>\n","protected":false},"author":1,"featured_media":0,"parent":0,"menu_order":0,"comment_status":"closed","ping_status":"closed","template":"","meta":{"footnotes":""},"class_list":["post-55","page","type-page","status-publish","hentry"],"translation":{"provider":"WPGlobus","version":"3.0.2","language":"es","enabled_languages":["de","gb","es"],"languages":{"de":{"title":true,"content":true,"excerpt":false},"gb":{"title":true,"content":true,"excerpt":false},"es":{"title":true,"content":true,"excerpt":false}}},"_links":{"self":[{"href":"https:\/\/blue-piano.de\/es\/wp-json\/wp\/v2\/pages\/55","targetHints":{"allow":["GET"]}}],"collection":[{"href":"https:\/\/blue-piano.de\/es\/wp-json\/wp\/v2\/pages"}],"about":[{"href":"https:\/\/blue-piano.de\/es\/wp-json\/wp\/v2\/types\/page"}],"author":[{"embeddable":true,"href":"https:\/\/blue-piano.de\/es\/wp-json\/wp\/v2\/users\/1"}],"replies":[{"embeddable":true,"href":"https:\/\/blue-piano.de\/es\/wp-json\/wp\/v2\/comments?post=55"}],"version-history":[{"count":13,"href":"https:\/\/blue-piano.de\/es\/wp-json\/wp\/v2\/pages\/55\/revisions"}],"predecessor-version":[{"id":548,"href":"https:\/\/blue-piano.de\/es\/wp-json\/wp\/v2\/pages\/55\/revisions\/548"}],"wp:attachment":[{"href":"https:\/\/blue-piano.de\/es\/wp-json\/wp\/v2\/media?parent=55"}],"curies":[{"name":"wp","href":"https:\/\/api.w.org\/{rel}","templated":true}]}}