{"id":51,"date":"2019-03-15T21:43:26","date_gmt":"2019-03-15T21:43:26","guid":{"rendered":"http:\/\/frank-reim.de\/?page_id=51"},"modified":"2021-09-15T09:49:25","modified_gmt":"2021-09-15T09:49:25","slug":"ausfuehrliche-vita","status":"publish","type":"page","link":"https:\/\/blue-piano.de\/es\/frank-reim\/ausfuehrliche-vita\/","title":{"rendered":"Curriculum vitae completo"},"content":{"rendered":"<p>Nacido el 22 de marzo de 1968<\/p>\n<p>1982-1986<br \/>\nBachillerato en las clases especiales de m\u00fasica de gimnasio \u201cRudolf Hildebrand\u201d en<br \/>\nMarkkleeberg \/ Leipzig (Sajonia \/ Alemania)<\/p>\n<p>1988-1993<br \/>\nEstudia piano (Prof. Gerlinde Otto) y teor\u00eda de la m\u00fasica y entrenamiento del o\u00eddo (Doctor Theodor Hlouschek) en la <a href=\"https:\/\/www.hfm-weimar.de\/en\/start.html\" target=\"_blank\" rel=\"noopener\">Escuela Superior de Musica Franz Liszt Weimar<\/a> (Turingia, Alemania)<\/p>\n<p>1993<br \/>\nGraduado con el diploma de profesor de m\u00fasica<\/p>\n<p>1993-1996<br \/>\nPostgrado piano, m\u00fasica de c\u00e1mara y acompa\u00f1amiento de la canci\u00f3n art\u00edstica en la<a href=\"https:\/\/www.hfm-weimar.de\/en\/start.html\" target=\"_blank\" rel=\"noopener\"> Escuela Superior de Musica Franz Liszt Weimar<\/a> (Turingia \/ Alemania)<\/p>\n<p>1993-2002<br \/>\nDirector de una escuela de m\u00fasica (Sajonia-Anhalt \/ Alemania)<\/p>\n<p>1997<br \/>\nComienzo de una actividad regular como miembro del jurado de concursos<\/p>\n<p>Desde 1998<br \/>\nMiembro del Coro de la <a href=\"https:\/\/www.gewandhausorchester.de\/orchester\/gewandhauschoere\/gewandhauschor\" target=\"_blank\" rel=\"noopener\">Gewandhaus<\/a> de Leipzig (Sajonia \/ Alemania)<\/p>\n<p>Desde 2002<br \/>\nProfesor de piano en la <a href=\"https:\/\/www.hfm-weimar.de\/en\/start.html\" target=\"_blank\" rel=\"noopener\">Escuela Superior de Musica Franz Liszt Weimar<\/a> (Turingia\/Alemania)<\/p>\n<p>Desde diciembre 2002<br \/>\nEmpresa fundada Blue Piano Entertainment y comenzando con actividades internacionales en Marbella (Espa\u00f1a)<\/p>\n<p>Desde enero de 2004<br \/>\nDocencia como profesor de piano en la escuela de m\u00fasica \u201cGebr\u00fcder Graun\u201d en el distrito Elbe-Elster (Brandemburgo \/ Alemania)<\/p>\n<p>Desde enero de 2009<br \/>\nVoluntariado como juez en Leipzig<\/p>\n","protected":false},"excerpt":{"rendered":"<p>Nacido el 22 de marzo de 1968 1982-1986 Bachillerato en las clases especiales de m\u00fasica de gimnasio \u201cRudolf Hildebrand\u201d en Markkleeberg \/ Leipzig (Sajonia \/ Alemania) 1988-1993 Estudia piano (Prof. Gerlinde Otto) y teor\u00eda de la m\u00fasica y entrenamiento del o\u00eddo (Doctor Theodor Hlouschek) en la Escuela Superior de Musica&#8230;<\/p>\n<p> <a class=\"continue-reading-link\" href=\"https:\/\/blue-piano.de\/es\/frank-reim\/ausfuehrliche-vita\/\"><span>Continue reading<\/span><i class=\"crycon-right-dir\"><\/i><\/a> <\/p>\n","protected":false},"author":1,"featured_media":0,"parent":47,"menu_order":0,"comment_status":"closed","ping_status":"closed","template":"","meta":{"footnotes":""},"class_list":["post-51","page","type-page","status-publish","hentry"],"translation":{"provider":"WPGlobus","version":"3.0.2","language":"es","enabled_languages":["de","gb","es"],"languages":{"de":{"title":true,"content":true,"excerpt":false},"gb":{"title":true,"content":true,"excerpt":false},"es":{"title":true,"content":true,"excerpt":false}}},"_links":{"self":[{"href":"https:\/\/blue-piano.de\/es\/wp-json\/wp\/v2\/pages\/51","targetHints":{"allow":["GET"]}}],"collection":[{"href":"https:\/\/blue-piano.de\/es\/wp-json\/wp\/v2\/pages"}],"about":[{"href":"https:\/\/blue-piano.de\/es\/wp-json\/wp\/v2\/types\/page"}],"author":[{"embeddable":true,"href":"https:\/\/blue-piano.de\/es\/wp-json\/wp\/v2\/users\/1"}],"replies":[{"embeddable":true,"href":"https:\/\/blue-piano.de\/es\/wp-json\/wp\/v2\/comments?post=51"}],"version-history":[{"count":21,"href":"https:\/\/blue-piano.de\/es\/wp-json\/wp\/v2\/pages\/51\/revisions"}],"predecessor-version":[{"id":412,"href":"https:\/\/blue-piano.de\/es\/wp-json\/wp\/v2\/pages\/51\/revisions\/412"}],"up":[{"embeddable":true,"href":"https:\/\/blue-piano.de\/es\/wp-json\/wp\/v2\/pages\/47"}],"wp:attachment":[{"href":"https:\/\/blue-piano.de\/es\/wp-json\/wp\/v2\/media?parent=51"}],"curies":[{"name":"wp","href":"https:\/\/api.w.org\/{rel}","templated":true}]}}