{"id":42,"date":"2019-03-15T21:40:35","date_gmt":"2019-03-15T21:40:35","guid":{"rendered":"http:\/\/frank-reim.de\/?page_id=42"},"modified":"2019-03-15T21:41:50","modified_gmt":"2019-03-15T21:41:50","slug":"management","status":"publish","type":"page","link":"https:\/\/blue-piano.de\/es\/management\/","title":{"rendered":"Administraci\u00f3n"},"content":{"rendered":"<p>Le asesoramos con:<\/p>\n<ul>\n<li>Planificaci\u00f3n y gesti\u00f3n de eventos<\/li>\n<li>La log\u00edstica, elecci\u00f3n y cuidado de los artistas seleccionados<\/li>\n<li>La producci\u00f3n de conceptos culturales, incluidos factores espec\u00edficos dependiendo del lugar<\/li>\n<li>Los an\u00e1lisis y pruebas de viabilidad para instalaciones tales como escuelas de m\u00fasica, organismos p\u00fablicos, instituciones<\/li>\n<li>Apoyo a j\u00f3venes m\u00fasicos con talento en su camino hacia sus carreras profesionales<\/li>\n<li>Caridad<\/li>\n<\/ul>\n","protected":false},"excerpt":{"rendered":"<p>Le asesoramos con: Planificaci\u00f3n y gesti\u00f3n de eventos La log\u00edstica, elecci\u00f3n y cuidado de los artistas seleccionados La producci\u00f3n de conceptos culturales, incluidos factores espec\u00edficos dependiendo del lugar Los an\u00e1lisis y pruebas de viabilidad para instalaciones tales como escuelas de m\u00fasica, organismos p\u00fablicos, instituciones Apoyo a j\u00f3venes m\u00fasicos con talento&#8230;<\/p>\n<p> <a class=\"continue-reading-link\" href=\"https:\/\/blue-piano.de\/es\/management\/\"><span>Continue reading<\/span><i class=\"crycon-right-dir\"><\/i><\/a> <\/p>\n","protected":false},"author":1,"featured_media":0,"parent":0,"menu_order":0,"comment_status":"closed","ping_status":"closed","template":"","meta":{"footnotes":""},"class_list":["post-42","page","type-page","status-publish","hentry"],"translation":{"provider":"WPGlobus","version":"3.0.2","language":"es","enabled_languages":["de","gb","es"],"languages":{"de":{"title":true,"content":true,"excerpt":false},"gb":{"title":true,"content":true,"excerpt":false},"es":{"title":true,"content":true,"excerpt":false}}},"_links":{"self":[{"href":"https:\/\/blue-piano.de\/es\/wp-json\/wp\/v2\/pages\/42","targetHints":{"allow":["GET"]}}],"collection":[{"href":"https:\/\/blue-piano.de\/es\/wp-json\/wp\/v2\/pages"}],"about":[{"href":"https:\/\/blue-piano.de\/es\/wp-json\/wp\/v2\/types\/page"}],"author":[{"embeddable":true,"href":"https:\/\/blue-piano.de\/es\/wp-json\/wp\/v2\/users\/1"}],"replies":[{"embeddable":true,"href":"https:\/\/blue-piano.de\/es\/wp-json\/wp\/v2\/comments?post=42"}],"version-history":[{"count":4,"href":"https:\/\/blue-piano.de\/es\/wp-json\/wp\/v2\/pages\/42\/revisions"}],"predecessor-version":[{"id":46,"href":"https:\/\/blue-piano.de\/es\/wp-json\/wp\/v2\/pages\/42\/revisions\/46"}],"wp:attachment":[{"href":"https:\/\/blue-piano.de\/es\/wp-json\/wp\/v2\/media?parent=42"}],"curies":[{"name":"wp","href":"https:\/\/api.w.org\/{rel}","templated":true}]}}