{"id":37,"date":"2019-03-15T21:39:30","date_gmt":"2019-03-15T21:39:30","guid":{"rendered":"http:\/\/frank-reim.de\/?page_id=37"},"modified":"2019-03-19T14:05:50","modified_gmt":"2019-03-19T14:05:50","slug":"bildung","status":"publish","type":"page","link":"https:\/\/blue-piano.de\/es\/bildung\/","title":{"rendered":"Educaci\u00f3n"},"content":{"rendered":"<div class=\"contentBody\">\n<p>La educaci\u00f3n del arte es una preocupaci\u00f3n humanista para un desarrollo de la personalidad integral de los componentes esenciales de la empresa y est\u00e1 generalmente abierto a todos, las personas con discapacidad, as\u00ed como a los dotados!<\/p>\n<p>No hay limites para la edad ni nacionalidad gracias a la larga experiencia docente durante a\u00f1os. Usted si quiere puede obtener clases de piano regularmente, prepararse para las competiciones o el examen en un colegio de m\u00fasica \/ universidad y llegando al personal coaching. Los idiomas de ense\u00f1anza son el alem\u00e1n y el ingl\u00e9s, el lugar de ense\u00f1anza &#8211; incluso si es fuera de Alemania &#8211; lo decide Usted.<\/p>\n<\/div>\n<p>Radioemisi\u00f3n, Maja Anter, MDR:<\/p>\n<audio class=\"wp-audio-shortcode\" id=\"audio-37-1\" preload=\"none\" style=\"width: 100%;\" controls=\"controls\"><source type=\"audio\/mpeg\" src=\"http:\/\/frank-reim.de\/wp-content\/uploads\/2019\/03\/20100604020635_Instrumente-lernen-im-Alter-mit-Musik.mp3?_=1\" \/><a href=\"http:\/\/frank-reim.de\/wp-content\/uploads\/2019\/03\/20100604020635_Instrumente-lernen-im-Alter-mit-Musik.mp3\">http:\/\/frank-reim.de\/wp-content\/uploads\/2019\/03\/20100604020635_Instrumente-lernen-im-Alter-mit-Musik.mp3<\/a><\/audio>\n","protected":false},"excerpt":{"rendered":"<p>La educaci\u00f3n del arte es una preocupaci\u00f3n humanista para un desarrollo de la personalidad integral de los componentes esenciales de la empresa y est\u00e1 generalmente abierto a todos, las personas con discapacidad, as\u00ed como a los dotados! No hay limites para la edad ni nacionalidad gracias a la larga experiencia&#8230;<\/p>\n<p> <a class=\"continue-reading-link\" href=\"https:\/\/blue-piano.de\/es\/bildung\/\"><span>Continue reading<\/span><i class=\"crycon-right-dir\"><\/i><\/a> <\/p>\n","protected":false},"author":1,"featured_media":0,"parent":0,"menu_order":0,"comment_status":"closed","ping_status":"closed","template":"","meta":{"footnotes":""},"class_list":["post-37","page","type-page","status-publish","hentry"],"translation":{"provider":"WPGlobus","version":"3.0.2","language":"es","enabled_languages":["de","gb","es"],"languages":{"de":{"title":true,"content":true,"excerpt":false},"gb":{"title":true,"content":true,"excerpt":false},"es":{"title":true,"content":true,"excerpt":false}}},"_links":{"self":[{"href":"https:\/\/blue-piano.de\/es\/wp-json\/wp\/v2\/pages\/37","targetHints":{"allow":["GET"]}}],"collection":[{"href":"https:\/\/blue-piano.de\/es\/wp-json\/wp\/v2\/pages"}],"about":[{"href":"https:\/\/blue-piano.de\/es\/wp-json\/wp\/v2\/types\/page"}],"author":[{"embeddable":true,"href":"https:\/\/blue-piano.de\/es\/wp-json\/wp\/v2\/users\/1"}],"replies":[{"embeddable":true,"href":"https:\/\/blue-piano.de\/es\/wp-json\/wp\/v2\/comments?post=37"}],"version-history":[{"count":8,"href":"https:\/\/blue-piano.de\/es\/wp-json\/wp\/v2\/pages\/37\/revisions"}],"predecessor-version":[{"id":323,"href":"https:\/\/blue-piano.de\/es\/wp-json\/wp\/v2\/pages\/37\/revisions\/323"}],"wp:attachment":[{"href":"https:\/\/blue-piano.de\/es\/wp-json\/wp\/v2\/media?parent=37"}],"curies":[{"name":"wp","href":"https:\/\/api.w.org\/{rel}","templated":true}]}}