{"id":29,"date":"2019-03-15T21:35:26","date_gmt":"2019-03-15T21:35:26","guid":{"rendered":"http:\/\/frank-reim.de\/?page_id=29"},"modified":"2019-03-19T13:33:31","modified_gmt":"2019-03-19T13:33:31","slug":"diamonds-are-a-girls-best-friend","status":"publish","type":"page","link":"https:\/\/blue-piano.de\/es\/exclusiv\/diamonds-are-a-girls-best-friend\/","title":{"rendered":"Los diamantes son el mejor amigo de una chica"},"content":{"rendered":"<p>Las joyas nobles pres\u00e9ntalas de manera diferente: Protegido por el grueso cristal del piano de cola y asegur\u00e1ndose una vez m\u00e1s a trav\u00e9s de una mayor transparente protecci\u00f3n correspondiente a las facetas de las piedras preciosas y las reflexiones de la luz y el cristal de una forma \u00fanica: \u00abDiamonds are a girl\u2019s best friend\u201d\u00a0ofrece exclusivas joyas en un lugar ideal!<\/p>\n","protected":false},"excerpt":{"rendered":"<p>Las joyas nobles pres\u00e9ntalas de manera diferente: Protegido por el grueso cristal del piano de cola y asegur\u00e1ndose una vez m\u00e1s a trav\u00e9s de una mayor transparente protecci\u00f3n correspondiente a las facetas de las piedras preciosas y las reflexiones de la luz y el cristal de una forma \u00fanica: \u00abDiamonds&#8230;<\/p>\n<p> <a class=\"continue-reading-link\" href=\"https:\/\/blue-piano.de\/es\/exclusiv\/diamonds-are-a-girls-best-friend\/\"><span>Continue reading<\/span><i class=\"crycon-right-dir\"><\/i><\/a> <\/p>\n","protected":false},"author":1,"featured_media":0,"parent":17,"menu_order":0,"comment_status":"closed","ping_status":"closed","template":"","meta":{"footnotes":""},"class_list":["post-29","page","type-page","status-publish","hentry"],"translation":{"provider":"WPGlobus","version":"3.0.2","language":"es","enabled_languages":["de","gb","es"],"languages":{"de":{"title":true,"content":true,"excerpt":false},"gb":{"title":true,"content":true,"excerpt":false},"es":{"title":true,"content":true,"excerpt":false}}},"_links":{"self":[{"href":"https:\/\/blue-piano.de\/es\/wp-json\/wp\/v2\/pages\/29","targetHints":{"allow":["GET"]}}],"collection":[{"href":"https:\/\/blue-piano.de\/es\/wp-json\/wp\/v2\/pages"}],"about":[{"href":"https:\/\/blue-piano.de\/es\/wp-json\/wp\/v2\/types\/page"}],"author":[{"embeddable":true,"href":"https:\/\/blue-piano.de\/es\/wp-json\/wp\/v2\/users\/1"}],"replies":[{"embeddable":true,"href":"https:\/\/blue-piano.de\/es\/wp-json\/wp\/v2\/comments?post=29"}],"version-history":[{"count":5,"href":"https:\/\/blue-piano.de\/es\/wp-json\/wp\/v2\/pages\/29\/revisions"}],"predecessor-version":[{"id":133,"href":"https:\/\/blue-piano.de\/es\/wp-json\/wp\/v2\/pages\/29\/revisions\/133"}],"up":[{"embeddable":true,"href":"https:\/\/blue-piano.de\/es\/wp-json\/wp\/v2\/pages\/17"}],"wp:attachment":[{"href":"https:\/\/blue-piano.de\/es\/wp-json\/wp\/v2\/media?parent=29"}],"curies":[{"name":"wp","href":"https:\/\/api.w.org\/{rel}","templated":true}]}}