{"id":21,"date":"2019-03-15T21:33:17","date_gmt":"2019-03-15T21:33:17","guid":{"rendered":"http:\/\/frank-reim.de\/?page_id=21"},"modified":"2022-03-13T00:06:56","modified_gmt":"2022-03-13T00:06:56","slug":"bilder-einer-ausstellung","status":"publish","type":"page","link":"https:\/\/blue-piano.de\/es\/exclusiv\/bilder-einer-ausstellung\/","title":{"rendered":"Cuadros de una exposici\u00f3n"},"content":{"rendered":"<p>La combinaci\u00f3n de la pintura,\u00a0m\u00fasica y efectos de iluminaci\u00f3n es un placer art\u00edstico muy personal, como resultado de todos los componentes juntos. Con el iluminado piano de cola de cristal azul se convierte en una estrecha interacci\u00f3n de crecimiento emocional incomparable!<\/p>\n","protected":false},"excerpt":{"rendered":"<p>La combinaci\u00f3n de la pintura,\u00a0m\u00fasica y efectos de iluminaci\u00f3n es un placer art\u00edstico muy personal, como resultado de todos los componentes juntos. Con el iluminado piano de cola de cristal azul se convierte en una estrecha interacci\u00f3n de crecimiento emocional incomparable!<\/p>\n<p> <a class=\"continue-reading-link\" href=\"https:\/\/blue-piano.de\/es\/exclusiv\/bilder-einer-ausstellung\/\"><span>Continue reading<\/span><i class=\"crycon-right-dir\"><\/i><\/a> <\/p>\n","protected":false},"author":1,"featured_media":0,"parent":17,"menu_order":0,"comment_status":"closed","ping_status":"closed","template":"","meta":{"footnotes":""},"class_list":["post-21","page","type-page","status-publish","hentry"],"translation":{"provider":"WPGlobus","version":"3.0.2","language":"es","enabled_languages":["de","gb","es"],"languages":{"de":{"title":true,"content":true,"excerpt":false},"gb":{"title":true,"content":true,"excerpt":false},"es":{"title":true,"content":true,"excerpt":false}}},"_links":{"self":[{"href":"https:\/\/blue-piano.de\/es\/wp-json\/wp\/v2\/pages\/21","targetHints":{"allow":["GET"]}}],"collection":[{"href":"https:\/\/blue-piano.de\/es\/wp-json\/wp\/v2\/pages"}],"about":[{"href":"https:\/\/blue-piano.de\/es\/wp-json\/wp\/v2\/types\/page"}],"author":[{"embeddable":true,"href":"https:\/\/blue-piano.de\/es\/wp-json\/wp\/v2\/users\/1"}],"replies":[{"embeddable":true,"href":"https:\/\/blue-piano.de\/es\/wp-json\/wp\/v2\/comments?post=21"}],"version-history":[{"count":9,"href":"https:\/\/blue-piano.de\/es\/wp-json\/wp\/v2\/pages\/21\/revisions"}],"predecessor-version":[{"id":437,"href":"https:\/\/blue-piano.de\/es\/wp-json\/wp\/v2\/pages\/21\/revisions\/437"}],"up":[{"embeddable":true,"href":"https:\/\/blue-piano.de\/es\/wp-json\/wp\/v2\/pages\/17"}],"wp:attachment":[{"href":"https:\/\/blue-piano.de\/es\/wp-json\/wp\/v2\/media?parent=21"}],"curies":[{"name":"wp","href":"https:\/\/api.w.org\/{rel}","templated":true}]}}