{"id":12,"date":"2019-03-15T21:30:14","date_gmt":"2019-03-15T21:30:14","guid":{"rendered":"http:\/\/frank-reim.de\/?page_id=12"},"modified":"2020-02-29T21:20:36","modified_gmt":"2020-02-29T21:20:36","slug":"der-blaue-glasfluegel","status":"publish","type":"page","link":"https:\/\/blue-piano.de\/es\/der-blaue-glasfluegel\/","title":{"rendered":"El piano de cola de cristal azul"},"content":{"rendered":"<div class=\"contentBody\">\n<p>El iluminado piano de cola de cristal azul fue utilizado originalmente para producciones de televisi\u00f3n y en 2002 se convirti\u00f3 en la marca comercial Blue Piano Entertainment.<\/p>\n<p>Como los modelos especiales producidos por la empresa Schimmel en el pasado, s\u00f3lo hay tres pianos de cola de cristal azul. El equipo compuesto con un instrumento integrado electr\u00f3nico (sintetizadores DX 7), iluminaci\u00f3n y sistema de sonido con \u00abAudio Forte\u00bb hace que este instrumento sea \u00fanico y muy buscado en todo el mundo.<\/p>\n<p><img loading=\"lazy\" decoding=\"async\" class=\"aligncenter size-full wp-image-313\" src=\"http:\/\/blue-piano.de\/wp-content\/uploads\/2019\/11\/SCHF.jpg\" alt=\"\" width=\"2015\" height=\"1426\" srcset=\"https:\/\/blue-piano.de\/wp-content\/uploads\/2019\/11\/SCHF.jpg 2015w, https:\/\/blue-piano.de\/wp-content\/uploads\/2019\/11\/SCHF-300x212.jpg 300w, https:\/\/blue-piano.de\/wp-content\/uploads\/2019\/11\/SCHF-1024x725.jpg 1024w, https:\/\/blue-piano.de\/wp-content\/uploads\/2019\/11\/SCHF-768x544.jpg 768w, https:\/\/blue-piano.de\/wp-content\/uploads\/2019\/11\/SCHF-1536x1087.jpg 1536w, https:\/\/blue-piano.de\/wp-content\/uploads\/2019\/11\/SCHF-150x106.jpg 150w\" sizes=\"auto, (max-width: 2015px) 100vw, 2015px\" \/><\/p>\n<\/div>\n","protected":false},"excerpt":{"rendered":"<p>El iluminado piano de cola de cristal azul fue utilizado originalmente para producciones de televisi\u00f3n y en 2002 se convirti\u00f3 en la marca comercial Blue Piano Entertainment. Como los modelos especiales producidos por la empresa Schimmel en el pasado, s\u00f3lo hay tres pianos de cola de cristal azul. El equipo&#8230;<\/p>\n<p> <a class=\"continue-reading-link\" href=\"https:\/\/blue-piano.de\/es\/der-blaue-glasfluegel\/\"><span>Continue reading<\/span><i class=\"crycon-right-dir\"><\/i><\/a> <\/p>\n","protected":false},"author":1,"featured_media":0,"parent":0,"menu_order":0,"comment_status":"closed","ping_status":"closed","template":"","meta":{"footnotes":""},"class_list":["post-12","page","type-page","status-publish","hentry"],"translation":{"provider":"WPGlobus","version":"3.0.2","language":"es","enabled_languages":["de","gb","es"],"languages":{"de":{"title":true,"content":true,"excerpt":false},"gb":{"title":true,"content":true,"excerpt":false},"es":{"title":true,"content":true,"excerpt":false}}},"_links":{"self":[{"href":"https:\/\/blue-piano.de\/es\/wp-json\/wp\/v2\/pages\/12","targetHints":{"allow":["GET"]}}],"collection":[{"href":"https:\/\/blue-piano.de\/es\/wp-json\/wp\/v2\/pages"}],"about":[{"href":"https:\/\/blue-piano.de\/es\/wp-json\/wp\/v2\/types\/page"}],"author":[{"embeddable":true,"href":"https:\/\/blue-piano.de\/es\/wp-json\/wp\/v2\/users\/1"}],"replies":[{"embeddable":true,"href":"https:\/\/blue-piano.de\/es\/wp-json\/wp\/v2\/comments?post=12"}],"version-history":[{"count":13,"href":"https:\/\/blue-piano.de\/es\/wp-json\/wp\/v2\/pages\/12\/revisions"}],"predecessor-version":[{"id":341,"href":"https:\/\/blue-piano.de\/es\/wp-json\/wp\/v2\/pages\/12\/revisions\/341"}],"wp:attachment":[{"href":"https:\/\/blue-piano.de\/es\/wp-json\/wp\/v2\/media?parent=12"}],"curies":[{"name":"wp","href":"https:\/\/api.w.org\/{rel}","templated":true}]}}