{"id":111,"date":"2019-03-16T05:28:07","date_gmt":"2019-03-16T05:28:07","guid":{"rendered":"http:\/\/frank-reim.de\/?page_id=111"},"modified":"2019-04-01T11:44:39","modified_gmt":"2019-04-01T11:44:39","slug":"impressum","status":"publish","type":"page","link":"https:\/\/blue-piano.de\/es\/impressum\/","title":{"rendered":"Pie de imprenta"},"content":{"rendered":"<p>Responsable del contenido:<\/p>\n<p>Blue Piano Entertainment<br \/>\nSr. Frank Reim<br \/>\nAm Eichwinkel 18 A<br \/>\n04279 Leipzig \/ Alemania<\/p>\n<p>Tel\u00e9fono +49 162 3703001<\/p>\n<p><span class=\"pep-email\">contact(Replace this parenthesis with the \u00e4t sign)blue-piano.de<\/span><\/p>\n<p>Descargo de responsabilidad: Blue Piano Entertainment distanciamiento propio de todos los contenidos de los sitios vinculados, aceptando expresamente no se hace responsable por el contenido de las p\u00e1ginas enlazadas. Blue Piano Entertainment no tiene ning\u00fan control sobre el contenido de las p\u00e1ginas enlazadas y no se hace resonsable por informaci\u00f3n falsa. Es acceso a los sitios enlazados en base a su propio riesgo. Al hacer clic en un enlace que de acuerdo con esta advertencia.<\/p>\n","protected":false},"excerpt":{"rendered":"<p>Responsable del contenido: Blue Piano Entertainment Sr. Frank Reim Am Eichwinkel 18 A 04279 Leipzig \/ Alemania Tel\u00e9fono +49 162 3703001 contact(Replace this parenthesis with the \u00e4t sign)blue-piano.de Descargo de responsabilidad: Blue Piano Entertainment distanciamiento propio de todos los contenidos de los sitios vinculados, aceptando expresamente no se hace responsable&#8230;<\/p>\n<p> <a class=\"continue-reading-link\" href=\"https:\/\/blue-piano.de\/es\/impressum\/\"><span>Continue reading<\/span><i class=\"crycon-right-dir\"><\/i><\/a> <\/p>\n","protected":false},"author":1,"featured_media":0,"parent":0,"menu_order":0,"comment_status":"closed","ping_status":"closed","template":"","meta":{"footnotes":""},"class_list":["post-111","page","type-page","status-publish","hentry"],"translation":{"provider":"WPGlobus","version":"3.0.2","language":"es","enabled_languages":["de","gb","es"],"languages":{"de":{"title":true,"content":true,"excerpt":false},"gb":{"title":true,"content":true,"excerpt":false},"es":{"title":true,"content":true,"excerpt":false}}},"_links":{"self":[{"href":"https:\/\/blue-piano.de\/es\/wp-json\/wp\/v2\/pages\/111","targetHints":{"allow":["GET"]}}],"collection":[{"href":"https:\/\/blue-piano.de\/es\/wp-json\/wp\/v2\/pages"}],"about":[{"href":"https:\/\/blue-piano.de\/es\/wp-json\/wp\/v2\/types\/page"}],"author":[{"embeddable":true,"href":"https:\/\/blue-piano.de\/es\/wp-json\/wp\/v2\/users\/1"}],"replies":[{"embeddable":true,"href":"https:\/\/blue-piano.de\/es\/wp-json\/wp\/v2\/comments?post=111"}],"version-history":[{"count":19,"href":"https:\/\/blue-piano.de\/es\/wp-json\/wp\/v2\/pages\/111\/revisions"}],"predecessor-version":[{"id":287,"href":"https:\/\/blue-piano.de\/es\/wp-json\/wp\/v2\/pages\/111\/revisions\/287"}],"wp:attachment":[{"href":"https:\/\/blue-piano.de\/es\/wp-json\/wp\/v2\/media?parent=111"}],"curies":[{"name":"wp","href":"https:\/\/api.w.org\/{rel}","templated":true}]}}