{"id":47,"date":"2019-03-15T21:42:34","date_gmt":"2019-03-15T21:42:34","guid":{"rendered":"http:\/\/frank-reim.de\/?page_id=47"},"modified":"2024-01-11T00:57:51","modified_gmt":"2024-01-11T00:57:51","slug":"frank-reim","status":"publish","type":"page","link":"http:\/\/blue-piano.de\/gb\/frank-reim\/","title":{"rendered":"Frank Reim"},"content":{"rendered":"<div class=\"contentBody\">\n<p>Frank Reim, born 1968 in Leipzig, studied piano performance with Professor Gelinde Otto and theory \/ aural training with Dr. Theodor Hlouschek at <a href=\"http:\/\/www.hfm-weimar.de\/?lang=en\">The Liszt School of Music Weimar<\/a>from 1988 to 1993. Following this, he completed post-graduate studies in the performing arts.<\/p>\n<p>From 1993 through 2002, he was the director of a music school in Saxony-Anhalt.<\/p>\n<p>With the creation of his company &#8220;Blue Piano Entertainment&#8221; in 2002, a high level of international activity began and the appointment as lecturer in piano performance at <a href=\"http:\/\/www.hfm-weimar.de\/?lang=en\">The Liszt School of Music Weimar<\/a> followed.<\/p>\n<p>Frank Reim is much demand as a jury member for competitions, event organizer, coach, international active private teacher, and since 1998 has had an active concert schedule both in Germany and abroad as a member of the <a href=\"https:\/\/www.gewandhausorchester.de\/orchester\/gewandhauschoere\/gewandhauschor\/\">Leipzig GewandhausChoir<\/a> appearing with renowned conductors, as well as in television, radio, CD and DVD productions (more than 200 different concert programs as a chorister under renowned conductors and artists, including Trevor Pinnock, Andris Nelsons, Andr\u00e9s Orozco-Estrada, Christopher Hogwood, Ton Koopman, Philippe Herreweghe, Riccardo Chailly, Alan Gilbert, Dennis Russell Davies, Herbert Blomstedt, Russell N. Harris, Louis Langr\u00e9e, Peter E\u00f6tv\u00f6s, J\u00f6rg-Peter Weigle, Manfred Honeck, Howard Arman, Morten Schuldt-Jensen, Etta Cameron, Nils Landgren, Richard Beirach).<\/p>\n<\/div>\n","protected":false},"excerpt":{"rendered":"<p>Frank Reim, born 1968 in Leipzig, studied piano performance with Professor Gelinde Otto and theory \/ aural training with Dr. Theodor Hlouschek at The Liszt School of Music Weimarfrom 1988 to 1993. Following this, he completed post-graduate studies in the performing arts. From 1993 through 2002, he was the director&#8230;<\/p>\n<p> <a class=\"continue-reading-link\" href=\"http:\/\/blue-piano.de\/gb\/frank-reim\/\"><span>Continue reading<\/span><i class=\"crycon-right-dir\"><\/i><\/a> <\/p>\n","protected":false},"author":1,"featured_media":0,"parent":0,"menu_order":0,"comment_status":"closed","ping_status":"closed","template":"","meta":{"footnotes":""},"class_list":["post-47","page","type-page","status-publish","hentry"],"translation":{"provider":"WPGlobus","version":"3.0.2","language":"gb","enabled_languages":["de","gb","es"],"languages":{"de":{"title":true,"content":true,"excerpt":false},"gb":{"title":true,"content":true,"excerpt":false},"es":{"title":true,"content":true,"excerpt":false}}},"_links":{"self":[{"href":"http:\/\/blue-piano.de\/gb\/wp-json\/wp\/v2\/pages\/47","targetHints":{"allow":["GET"]}}],"collection":[{"href":"http:\/\/blue-piano.de\/gb\/wp-json\/wp\/v2\/pages"}],"about":[{"href":"http:\/\/blue-piano.de\/gb\/wp-json\/wp\/v2\/types\/page"}],"author":[{"embeddable":true,"href":"http:\/\/blue-piano.de\/gb\/wp-json\/wp\/v2\/users\/1"}],"replies":[{"embeddable":true,"href":"http:\/\/blue-piano.de\/gb\/wp-json\/wp\/v2\/comments?post=47"}],"version-history":[{"count":24,"href":"http:\/\/blue-piano.de\/gb\/wp-json\/wp\/v2\/pages\/47\/revisions"}],"predecessor-version":[{"id":552,"href":"http:\/\/blue-piano.de\/gb\/wp-json\/wp\/v2\/pages\/47\/revisions\/552"}],"wp:attachment":[{"href":"http:\/\/blue-piano.de\/gb\/wp-json\/wp\/v2\/media?parent=47"}],"curies":[{"name":"wp","href":"https:\/\/api.w.org\/{rel}","templated":true}]}}