{"id":47,"date":"2019-03-15T21:42:34","date_gmt":"2019-03-15T21:42:34","guid":{"rendered":"http:\/\/frank-reim.de\/?page_id=47"},"modified":"2024-01-11T00:57:51","modified_gmt":"2024-01-11T00:57:51","slug":"frank-reim","status":"publish","type":"page","link":"http:\/\/blue-piano.de\/es\/frank-reim\/","title":{"rendered":"Frank Reim"},"content":{"rendered":"<p>Frank Reim, naci\u00f3 en 1968 en Leipzig, estudi\u00f3 en la <a href=\"http:\/\/www.hfm-weimar.de\/?lang=es\">Escuela Superior de Musica <\/a><a href=\"http:\/\/www.hfm-weimar.de\/?lang=es\">Franz Liszt <\/a><a href=\"http:\/\/www.hfm-weimar.de\/?lang=en\">Weimar<\/a>\u00a0desde 1988 hasta 1993 con el profesor Gerlinde Otto, la teor\u00eda de la m\u00fasica y entrenamiento del o\u00eddo con el Doctor Theodor Houschek, para completar su formaci\u00f3n en estudios art\u00edsticos.<\/p>\n<p>De 1993-2002 fue Director de una escuela de m\u00fasica en Sajonia-Anhalt.<\/p>\n<p>Al fundarse en 2002 su compa\u00f1\u00eda \u00abBlue Piano Entertainment\u201d se inici\u00f3 internacionalmente y adem\u00e1s fue nombrado como profesor de piano en la <a href=\"http:\/\/www.hfm-weimar.de\/?lang=en\">Escuela Superior de Musica Franz Liszt Weimar<\/a>.<\/p>\n<p>Frank Reim es socilitado como jurado en concursos, organizador de eventos, entrenador, profesor privado y entregado desde 1998 como miembro del <a href=\"https:\/\/www.gewandhausorchester.de\/orchester\/gewandhauschoere\/gewandhauschor\/\">Coro de la Gewandhaus de Leipzig<\/a> con una gran carrera de concierntos activa en la misma y en el extranjero con directores de renombre, as\u00ed como en producciones de televisi\u00f3n, radio, CD y DVD (m\u00e1s de 200 programas de concierto diferentes como miembro del coro y bajo la direcci\u00f3n de artistas de renombre incluyendo a Trevor Pinnock, Andris Nelsons, Andr\u00e9s Orozco-Estrada, Christopher Hogwood, Ton Koopman, Philippe Herreweghe, Riccardo Chailly, Alan Gilbert, Dennis Russell Davies, Herbert Blomstedt, Russell N. Harris, Louis Langr\u00e9e, Peter E\u00f6tv\u00f6s, J\u00f6rg-Peter Weigle, Manfred Honeck, Howard Arman, Morten Schuldt-Jensen, Etta Cameron, Nils Landgren, Richard Beirach).<\/p>\n<p>&nbsp;<\/p>\n","protected":false},"excerpt":{"rendered":"<p>Frank Reim, naci\u00f3 en 1968 en Leipzig, estudi\u00f3 en la Escuela Superior de Musica Franz Liszt Weimar\u00a0desde 1988 hasta 1993 con el profesor Gerlinde Otto, la teor\u00eda de la m\u00fasica y entrenamiento del o\u00eddo con el Doctor Theodor Houschek, para completar su formaci\u00f3n en estudios art\u00edsticos. De 1993-2002 fue Director&#8230;<\/p>\n<p> <a class=\"continue-reading-link\" href=\"http:\/\/blue-piano.de\/es\/frank-reim\/\"><span>Continue reading<\/span><i class=\"crycon-right-dir\"><\/i><\/a> <\/p>\n","protected":false},"author":1,"featured_media":0,"parent":0,"menu_order":0,"comment_status":"closed","ping_status":"closed","template":"","meta":{"footnotes":""},"class_list":["post-47","page","type-page","status-publish","hentry"],"translation":{"provider":"WPGlobus","version":"3.0.2","language":"es","enabled_languages":["de","gb","es"],"languages":{"de":{"title":true,"content":true,"excerpt":false},"gb":{"title":true,"content":true,"excerpt":false},"es":{"title":true,"content":true,"excerpt":false}}},"_links":{"self":[{"href":"http:\/\/blue-piano.de\/es\/wp-json\/wp\/v2\/pages\/47","targetHints":{"allow":["GET"]}}],"collection":[{"href":"http:\/\/blue-piano.de\/es\/wp-json\/wp\/v2\/pages"}],"about":[{"href":"http:\/\/blue-piano.de\/es\/wp-json\/wp\/v2\/types\/page"}],"author":[{"embeddable":true,"href":"http:\/\/blue-piano.de\/es\/wp-json\/wp\/v2\/users\/1"}],"replies":[{"embeddable":true,"href":"http:\/\/blue-piano.de\/es\/wp-json\/wp\/v2\/comments?post=47"}],"version-history":[{"count":24,"href":"http:\/\/blue-piano.de\/es\/wp-json\/wp\/v2\/pages\/47\/revisions"}],"predecessor-version":[{"id":552,"href":"http:\/\/blue-piano.de\/es\/wp-json\/wp\/v2\/pages\/47\/revisions\/552"}],"wp:attachment":[{"href":"http:\/\/blue-piano.de\/es\/wp-json\/wp\/v2\/media?parent=47"}],"curies":[{"name":"wp","href":"https:\/\/api.w.org\/{rel}","templated":true}]}}